{"id":496,"date":"2021-05-17T23:38:52","date_gmt":"2021-05-17T23:38:52","guid":{"rendered":"https:\/\/decolagetravel.com\/?page_id=496"},"modified":"2024-08-31T01:16:00","modified_gmt":"2024-08-31T01:16:00","slug":"contacto","status":"publish","type":"page","link":"https:\/\/decolagetravel.com\/en\/contacto\/","title":{"rendered":"Contacto Decolage"},"content":{"rendered":"<div data-elementor-type=\"wp-page\" data-elementor-id=\"496\" class=\"elementor elementor-496\">\n\t\t\t\t\t\t\t\t\t<section class=\"elementor-section elementor-top-section elementor-element elementor-element-03500ea elementor-section-stretched elementor-section-height-min-height elementor-section-boxed elementor-section-height-default elementor-section-items-middle\" data-id=\"03500ea\" data-element_type=\"section\" data-settings=\"{&quot;stretch_section&quot;:&quot;section-stretched&quot;,&quot;background_background&quot;:&quot;classic&quot;}\">\n\t\t\t\t\t\t\t<div class=\"elementor-background-overlay\"><\/div>\n\t\t\t\t\t\t\t<div class=\"elementor-container elementor-column-gap-default\">\n\t\t\t\t\t<div class=\"elementor-column elementor-col-100 elementor-top-column elementor-element elementor-element-754e72f\" data-id=\"754e72f\" data-element_type=\"column\">\n\t\t\t<div class=\"elementor-widget-wrap elementor-element-populated\">\n\t\t\t\t\t\t\t\t<div class=\"elementor-element elementor-element-ba319d9 elementor-invisible elementor-widget elementor-widget-heading\" data-id=\"ba319d9\" data-element_type=\"widget\" data-settings=\"{&quot;motion_fx_motion_fx_mouse&quot;:&quot;yes&quot;,&quot;_animation&quot;:&quot;fadeInDown&quot;}\" data-widget_type=\"heading.default\">\n\t\t\t\t<div class=\"elementor-widget-container\">\n\t\t\t<span class=\"elementor-heading-title elementor-size-default\">Ahora puedes cumplir tus sue\u00f1os<\/span>\t\t<\/div>\n\t\t\t\t<\/div>\n\t\t\t\t\t<\/div>\n\t\t<\/div>\n\t\t\t\t\t\t\t<\/div>\n\t\t<\/section>\n\t\t\t\t<section class=\"elementor-section elementor-top-section elementor-element elementor-element-20cb953 elementor-section-boxed elementor-section-height-default elementor-section-height-default\" data-id=\"20cb953\" data-element_type=\"section\">\n\t\t\t\t\t\t<div class=\"elementor-container elementor-column-gap-default\">\n\t\t\t\t\t<div class=\"elementor-column elementor-col-100 elementor-top-column elementor-element elementor-element-d20a0dc\" data-id=\"d20a0dc\" data-element_type=\"column\">\n\t\t\t<div class=\"elementor-widget-wrap elementor-element-populated\">\n\t\t\t\t\t\t\t\t<div class=\"elementor-element elementor-element-7521ce3 elementor-widget elementor-widget-heading\" data-id=\"7521ce3\" data-element_type=\"widget\" data-widget_type=\"heading.default\">\n\t\t\t\t<div class=\"elementor-widget-container\">\n\t\t\t<h1 class=\"elementor-heading-title elementor-size-default\">Contacto <\/h1>\t\t<\/div>\n\t\t\t\t<\/div>\n\t\t\t\t\t<\/div>\n\t\t<\/div>\n\t\t\t\t\t\t\t<\/div>\n\t\t<\/section>\n\t\t\t\t<section class=\"elementor-section elementor-top-section elementor-element elementor-element-e4efb62 elementor-section-boxed elementor-section-height-default elementor-section-height-default\" data-id=\"e4efb62\" data-element_type=\"section\">\n\t\t\t\t\t\t<div class=\"elementor-container elementor-column-gap-default\">\n\t\t\t\t\t<div class=\"elementor-column elementor-col-50 elementor-top-column elementor-element elementor-element-7da8ee5\" data-id=\"7da8ee5\" data-element_type=\"column\">\n\t\t\t<div class=\"elementor-widget-wrap elementor-element-populated\">\n\t\t\t\t\t\t\t\t<div class=\"elementor-element elementor-element-1fe14ee elementor-hidden-mobile elementor-widget elementor-widget-image\" data-id=\"1fe14ee\" data-element_type=\"widget\" data-widget_type=\"image.default\">\n\t\t\t\t<div class=\"elementor-widget-container\">\n\t\t\t\t\t\t\t\t\t\t\t\t\t\t\t<img decoding=\"async\" src=\"https:\/\/i0.wp.com\/decolagetravel.com\/wp-content\/uploads\/elementor\/thumbs\/contactanos-whatsapp-agencia-de-viaje-decolage-travel-qrf221rkvttf11s33wjc5uq79jmiu005oo7k1q2tj4.jpg?ssl=1\" title=\"contactanos-whatsapp-agencia-de-viaje-decolage-travel\" alt=\"contactanos-whatsapp-agencia-de-viaje-decolage-travel\" data-recalc-dims=\"1\" \/>\t\t\t\t\t\t\t\t\t\t\t\t\t\t\t<\/div>\n\t\t\t\t<\/div>\n\t\t\t\t\t<\/div>\n\t\t<\/div>\n\t\t\t\t<div class=\"elementor-column elementor-col-50 elementor-top-column elementor-element elementor-element-cfe7f40\" data-id=\"cfe7f40\" data-element_type=\"column\">\n\t\t\t<div class=\"elementor-widget-wrap elementor-element-populated\">\n\t\t\t\t\t\t\t\t<div class=\"elementor-element elementor-element-8fd5118 elementor-widget elementor-widget-heading\" data-id=\"8fd5118\" data-element_type=\"widget\" data-widget_type=\"heading.default\">\n\t\t\t\t<div class=\"elementor-widget-container\">\n\t\t\t<h3 class=\"elementor-heading-title elementor-size-default\">\u00a1Cotiza tu Viaje!<\/h3>\t\t<\/div>\n\t\t\t\t<\/div>\n\t\t\t\t<div class=\"elementor-element elementor-element-b5f547d elementor-widget elementor-widget-text-editor\" data-id=\"b5f547d\" data-element_type=\"widget\" data-widget_type=\"text-editor.default\">\n\t\t\t\t<div class=\"elementor-widget-container\">\n\t\t\t\t\t\t\t<p>Cont\u00e1ctanos por whatsapp <span style=\"color: #339966;\"><strong>+51 963 325 889 <span style=\"color: #808080;\">\u00f3<\/span><\/strong> <\/span><a href=\"mailto:info@decolagetravel.com\"><strong><span style=\"color: #339966;\">info@decolagetravel.com<\/span><\/strong><\/a> o Rellenando el siguiente formulario.<\/p>\t\t\t\t\t\t<\/div>\n\t\t\t\t<\/div>\n\t\t\t\t<div class=\"elementor-element elementor-element-bd8fed2 elementor-button-align-stretch elementor-widget elementor-widget-form\" data-id=\"bd8fed2\" data-element_type=\"widget\" data-settings=\"{&quot;step_next_label&quot;:&quot;Next&quot;,&quot;step_previous_label&quot;:&quot;Previous&quot;,&quot;button_width&quot;:&quot;100&quot;,&quot;step_type&quot;:&quot;number_text&quot;,&quot;step_icon_shape&quot;:&quot;circle&quot;}\" data-widget_type=\"form.default\">\n\t\t\t\t<div class=\"elementor-widget-container\">\n\t\t\t\t\t<form class=\"elementor-form\" method=\"post\" name=\"Formulario Contacto\" action=\"\">\n\t\t\t<input type=\"hidden\" name=\"post_id\" value=\"496\"\/>\n\t\t\t<input type=\"hidden\" name=\"form_id\" value=\"bd8fed2\"\/>\n\t\t\t<input type=\"hidden\" name=\"referer_title\" value=\"Decolage Travel\" \/>\n\n\t\t\t\n\t\t\t<div class=\"elementor-form-fields-wrapper elementor-labels-above\">\n\t\t\t\t\t\t\t\t<div class=\"elementor-field-type-text elementor-field-group elementor-column elementor-field-group-name elementor-col-50 elementor-field-required elementor-mark-required\">\n\t\t\t\t\t\t\t\t\t\t\t\t<label for=\"form-field-name\" class=\"elementor-field-label\">\n\t\t\t\t\t\t\t\tNombre\t\t\t\t\t\t\t<\/label>\n\t\t\t\t\t\t\t\t\t\t\t\t\t\t<input size=\"1\" type=\"text\" name=\"form_fields[name]\" id=\"form-field-name\" class=\"elementor-field elementor-size-sm  elementor-field-textual\" required=\"required\" aria-required=\"true\">\n\t\t\t\t\t\t\t\t\t\t\t<\/div>\n\t\t\t\t\t\t\t\t<div class=\"elementor-field-type-email elementor-field-group elementor-column elementor-field-group-email elementor-col-50 elementor-field-required elementor-mark-required\">\n\t\t\t\t\t\t\t\t\t\t\t\t<label for=\"form-field-email\" class=\"elementor-field-label\">\n\t\t\t\t\t\t\t\tEmail\t\t\t\t\t\t\t<\/label>\n\t\t\t\t\t\t\t\t\t\t\t\t\t\t<input size=\"1\" type=\"email\" name=\"form_fields[email]\" id=\"form-field-email\" class=\"elementor-field elementor-size-sm  elementor-field-textual\" required=\"required\" aria-required=\"true\">\n\t\t\t\t\t\t\t\t\t\t\t<\/div>\n\t\t\t\t\t\t\t\t<div class=\"elementor-field-type-tel elementor-field-group elementor-column elementor-field-group-field_076cc5e elementor-col-50 elementor-field-required elementor-mark-required\">\n\t\t\t\t\t\t\t\t\t\t\t\t<label for=\"form-field-field_076cc5e\" class=\"elementor-field-label\">\n\t\t\t\t\t\t\t\ttelefono\t\t\t\t\t\t\t<\/label>\n\t\t\t\t\t\t\t\t<input size=\"1\" type=\"tel\" name=\"form_fields[field_076cc5e]\" id=\"form-field-field_076cc5e\" class=\"elementor-field elementor-size-sm  elementor-field-textual\" required=\"required\" aria-required=\"true\" pattern=\"[0-9()#&amp;+*-=.]+\" title=\"Only numbers and phone characters (#, -, *, etc) are accepted.\">\n\n\t\t\t\t\t\t<\/div>\n\t\t\t\t\t\t\t\t<div class=\"elementor-field-type-select elementor-field-group elementor-column elementor-field-group-field_750fc76 elementor-col-50 elementor-field-required elementor-mark-required\">\n\t\t\t\t\t\t\t\t\t\t\t\t<label for=\"form-field-field_750fc76\" class=\"elementor-field-label\">\n\t\t\t\t\t\t\t\tservicio\t\t\t\t\t\t\t<\/label>\n\t\t\t\t\t\t\t\t<div class=\"elementor-field elementor-select-wrapper\">\n\t\t\t<select name=\"form_fields[field_750fc76]\" id=\"form-field-field_750fc76\" class=\"elementor-field-textual elementor-size-sm\" required=\"required\" aria-required=\"true\">\n\t\t\t\t\t\t\t\t\t<option value=\"Elegie uno\">Elegie uno<\/option>\n\t\t\t\t\t\t\t\t\t<option value=\"paquete\">paquete<\/option>\n\t\t\t\t\t\t\t\t\t<option value=\"actividad\">actividad<\/option>\n\t\t\t\t\t\t\t<\/select>\n\t\t<\/div>\n\t\t\t\t\t\t<\/div>\n\t\t\t\t\t\t\t\t<div class=\"elementor-field-type-textarea elementor-field-group elementor-column elementor-field-group-message elementor-col-100 elementor-field-required elementor-mark-required\">\n\t\t\t\t\t\t\t\t\t\t\t\t<label for=\"form-field-message\" class=\"elementor-field-label\">\n\t\t\t\t\t\t\t\tMensaje\t\t\t\t\t\t\t<\/label>\n\t\t\t\t\t\t<textarea class=\"elementor-field-textual elementor-field  elementor-size-sm\" name=\"form_fields[message]\" id=\"form-field-message\" rows=\"4\" placeholder=\"Comentanos tus planes de viajes detallado\" required=\"required\" aria-required=\"true\"><\/textarea>\t\t\t\t<\/div>\n\t\t\t\t\t\t\t\t<div class=\"elementor-field-type-acceptance elementor-field-group elementor-column elementor-field-group-field_b722eac elementor-col-100 elementor-field-required elementor-mark-required\">\n\t\t\t\t\t\t\t<div class=\"elementor-field-subgroup\">\n\t\t\t<span class=\"elementor-field-option\">\n\t\t\t\t<input type=\"checkbox\" name=\"form_fields[field_b722eac]\" id=\"form-field-field_b722eac\" class=\"elementor-field elementor-size-sm  elementor-acceptance-field\" required=\"required\" aria-required=\"true\">\n\t\t\t\t<label for=\"form-field-field_b722eac\">S\u00ed, he le\u00eddo y acepto las pol\u00edticas de privacidad.<\/label>\t\t\t<\/span>\n\t\t<\/div>\n\t\t\t\t\t\t<\/div>\n\t\t\t\t\t\t\t\t<div class=\"elementor-field-type-recaptcha_v3 elementor-field-group elementor-column elementor-field-group-field_d3170a5 elementor-col-100 recaptcha_v3-inline\">\n\t\t\t\t\t<div class=\"elementor-field\" id=\"form-field-field_d3170a5\"><div class=\"elementor-g-recaptcha\" data-sitekey=\"6Lfg7dohAAAAAMJ-OH2qzTVoFYjeVdvT2cUjN-FI\" data-type=\"v3\" data-action=\"Form\" data-badge=\"inline\" data-size=\"invisible\"><\/div><\/div>\t\t\t\t<\/div>\n\t\t\t\t\t\t\t\t<div class=\"elementor-field-group elementor-column elementor-field-type-submit elementor-col-100 e-form__buttons\">\n\t\t\t\t\t<button type=\"submit\" class=\"elementor-button elementor-size-sm\">\n\t\t\t\t\t\t<span >\n\t\t\t\t\t\t\t\t\t\t\t\t\t\t\t<span class=\"elementor-button-icon\">\n\t\t\t\t\t\t\t\t\t\t\t\t\t\t\t\t\t\t\t\t\t\t\t\t\t\t<\/span>\n\t\t\t\t\t\t\t\t\t\t\t\t\t\t\t\t\t\t\t\t\t\t<span class=\"elementor-button-text\">enviar<\/span>\n\t\t\t\t\t\t\t\t\t\t\t\t\t<\/span>\n\t\t\t\t\t<\/button>\n\t\t\t\t<\/div>\n\t\t\t<\/div>\n\t\t<input type=\"hidden\" name=\"trp-form-language\" value=\"en\"\/><\/form>\n\t\t\t\t<\/div>\n\t\t\t\t<\/div>\n\t\t\t\t\t<\/div>\n\t\t<\/div>\n\t\t\t\t\t\t\t<\/div>\n\t\t<\/section>\n\t\t\t\t<section class=\"elementor-section elementor-top-section elementor-element elementor-element-a26ee0d elementor-section-stretched elementor-section-boxed elementor-section-height-default elementor-section-height-default\" data-id=\"a26ee0d\" data-element_type=\"section\" data-settings=\"{&quot;stretch_section&quot;:&quot;section-stretched&quot;}\">\n\t\t\t\t\t\t<div class=\"elementor-container elementor-column-gap-default\">\n\t\t\t\t\t<div class=\"elementor-column elementor-col-100 elementor-top-column elementor-element elementor-element-e81fb53\" data-id=\"e81fb53\" data-element_type=\"column\">\n\t\t\t<div class=\"elementor-widget-wrap\">\n\t\t\t\t\t\t\t\t\t<\/div>\n\t\t<\/div>\n\t\t\t\t\t\t\t<\/div>\n\t\t<\/section>\n\t\t\t\t\t\t\t<\/div>","protected":false},"excerpt":{"rendered":"<p>Ahora puedes cumplir tus sue\u00f1os Contacto \u00a1Cotiza tu Viaje! Cont\u00e1ctanos por whatsapp +51 963 325 889 \u00f3 info@decolagetravel.com o Rellenando el siguiente formulario.<\/p>","protected":false},"author":1,"featured_media":0,"parent":0,"menu_order":0,"comment_status":"closed","ping_status":"closed","template":"","meta":{"site-sidebar-layout":"no-sidebar","site-content-layout":"page-builder","ast-site-content-layout":"full-width-container","site-content-style":"unboxed","site-sidebar-style":"unboxed","ast-global-header-display":"","ast-banner-title-visibility":"","ast-main-header-display":"disabled","ast-hfb-above-header-display":"","ast-hfb-below-header-display":"","ast-hfb-mobile-header-display":"disabled","site-post-title":"disabled","ast-breadcrumbs-content":"disabled","ast-featured-img":"disabled","footer-sml-layout":"disabled","theme-transparent-header-meta":"default","adv-header-id-meta":"","stick-header-meta":"","header-above-stick-meta":"","header-main-stick-meta":"","header-below-stick-meta":"","astra-migrate-meta-layouts":"set","ast-page-background-enabled":"default","ast-page-background-meta":{"desktop":{"background-color":"","background-image":"","background-repeat":"repeat","background-position":"center center","background-size":"auto","background-attachment":"scroll","background-type":"","background-media":"","overlay-type":"","overlay-color":"","overlay-opacity":"","overlay-gradient":""},"tablet":{"background-color":"","background-image":"","background-repeat":"repeat","background-position":"center center","background-size":"auto","background-attachment":"scroll","background-type":"","background-media":"","overlay-type":"","overlay-color":"","overlay-opacity":"","overlay-gradient":""},"mobile":{"background-color":"","background-image":"","background-repeat":"repeat","background-position":"center center","background-size":"auto","background-attachment":"scroll","background-type":"","background-media":"","overlay-type":"","overlay-color":"","overlay-opacity":"","overlay-gradient":""}},"ast-content-background-meta":{"desktop":{"background-color":"var(--ast-global-color-5)","background-image":"","background-repeat":"repeat","background-position":"center center","background-size":"auto","background-attachment":"scroll","background-type":"","background-media":"","overlay-type":"","overlay-color":"","overlay-opacity":"","overlay-gradient":""},"tablet":{"background-color":"var(--ast-global-color-5)","background-image":"","background-repeat":"repeat","background-position":"center center","background-size":"auto","background-attachment":"scroll","background-type":"","background-media":"","overlay-type":"","overlay-color":"","overlay-opacity":"","overlay-gradient":""},"mobile":{"background-color":"var(--ast-global-color-5)","background-image":"","background-repeat":"repeat","background-position":"center center","background-size":"auto","background-attachment":"scroll","background-type":"","background-media":"","overlay-type":"","overlay-color":"","overlay-opacity":"","overlay-gradient":""}},"_joinchat":[],"footnotes":""},"yoast_head":"<!-- This site is optimized with the Yoast SEO plugin v22.8 - https:\/\/yoast.com\/wordpress\/plugins\/seo\/ -->\n<title>Contacto Decolage - Decolage Travel<\/title>\n<meta name=\"description\" content=\"Contacto Decolage, escr\u00edbenos y te daremos informaci\u00f3n sobre nuestros servicios tur\u00edsticos personalizados con los mejores precios.\" \/>\n<meta name=\"robots\" content=\"index, follow, max-snippet:-1, max-image-preview:large, max-video-preview:-1\" \/>\n<link rel=\"canonical\" href=\"https:\/\/decolagetravel.com\/en\/contacto\/\" \/>\n<meta property=\"og:locale\" content=\"en_US\" \/>\n<meta property=\"og:type\" content=\"article\" \/>\n<meta property=\"og:title\" content=\"Contacto Decolage - Decolage Travel\" \/>\n<meta property=\"og:description\" content=\"Contacto Decolage, escr\u00edbenos y te daremos informaci\u00f3n sobre nuestros servicios tur\u00edsticos personalizados con los mejores precios.\" \/>\n<meta property=\"og:url\" content=\"https:\/\/decolagetravel.com\/en\/contacto\/\" \/>\n<meta property=\"og:site_name\" content=\"Decolage Travel\" \/>\n<meta property=\"article:modified_time\" content=\"2024-08-31T01:16:00+00:00\" \/>\n<meta property=\"og:image\" content=\"https:\/\/decolagetravel.com\/wp-content\/uploads\/elementor\/thumbs\/contactanos-whatsapp-agencia-de-viaje-decolage-travel-qrf221rkvttf11s33wjc5uq79jmiu005oo7k1q2tj4.jpg\" \/>\n<meta name=\"twitter:card\" content=\"summary_large_image\" \/>\n<meta name=\"twitter:label1\" content=\"Est. reading time\" \/>\n\t<meta name=\"twitter:data1\" content=\"1 minute\" \/>\n<script type=\"application\/ld+json\" class=\"yoast-schema-graph\">{\"@context\":\"https:\/\/schema.org\",\"@graph\":[{\"@type\":\"WebPage\",\"@id\":\"https:\/\/decolagetravel.com\/contacto\/\",\"url\":\"https:\/\/decolagetravel.com\/contacto\/\",\"name\":\"Contacto Decolage - Decolage Travel\",\"isPartOf\":{\"@id\":\"https:\/\/decolagetravel.com\/#website\"},\"primaryImageOfPage\":{\"@id\":\"https:\/\/decolagetravel.com\/contacto\/#primaryimage\"},\"image\":{\"@id\":\"https:\/\/decolagetravel.com\/contacto\/#primaryimage\"},\"thumbnailUrl\":\"https:\/\/decolagetravel.com\/wp-content\/uploads\/elementor\/thumbs\/contactanos-whatsapp-agencia-de-viaje-decolage-travel-qrf221rkvttf11s33wjc5uq79jmiu005oo7k1q2tj4.jpg\",\"datePublished\":\"2021-05-17T23:38:52+00:00\",\"dateModified\":\"2024-08-31T01:16:00+00:00\",\"description\":\"Contacto Decolage, escr\u00edbenos y te daremos informaci\u00f3n sobre nuestros servicios tur\u00edsticos personalizados con los mejores precios.\",\"breadcrumb\":{\"@id\":\"https:\/\/decolagetravel.com\/contacto\/#breadcrumb\"},\"inLanguage\":\"en-US\",\"potentialAction\":[{\"@type\":\"ReadAction\",\"target\":[\"https:\/\/decolagetravel.com\/contacto\/\"]}]},{\"@type\":\"ImageObject\",\"inLanguage\":\"en-US\",\"@id\":\"https:\/\/decolagetravel.com\/contacto\/#primaryimage\",\"url\":\"https:\/\/decolagetravel.com\/wp-content\/uploads\/elementor\/thumbs\/contactanos-whatsapp-agencia-de-viaje-decolage-travel-qrf221rkvttf11s33wjc5uq79jmiu005oo7k1q2tj4.jpg\",\"contentUrl\":\"https:\/\/decolagetravel.com\/wp-content\/uploads\/elementor\/thumbs\/contactanos-whatsapp-agencia-de-viaje-decolage-travel-qrf221rkvttf11s33wjc5uq79jmiu005oo7k1q2tj4.jpg\"},{\"@type\":\"BreadcrumbList\",\"@id\":\"https:\/\/decolagetravel.com\/contacto\/#breadcrumb\",\"itemListElement\":[{\"@type\":\"ListItem\",\"position\":1,\"name\":\"Portada\",\"item\":\"https:\/\/decolagetravel.com\/\"},{\"@type\":\"ListItem\",\"position\":2,\"name\":\"Contacto Decolage\"}]},{\"@type\":\"WebSite\",\"@id\":\"https:\/\/decolagetravel.com\/#website\",\"url\":\"https:\/\/decolagetravel.com\/\",\"name\":\"Decolage Travel\",\"description\":\"Decolage Travel\",\"potentialAction\":[{\"@type\":\"SearchAction\",\"target\":{\"@type\":\"EntryPoint\",\"urlTemplate\":\"https:\/\/decolagetravel.com\/?s={search_term_string}\"},\"query-input\":\"required name=search_term_string\"}],\"inLanguage\":\"en-US\"}]}<\/script>\n<!-- \/ Yoast SEO plugin. -->","yoast_head_json":{"title":"Contacto Decolage - Decolage Travel","description":"Contacto Decolage, escr\u00edbenos y te daremos informaci\u00f3n sobre nuestros servicios tur\u00edsticos personalizados con los mejores precios.","robots":{"index":"index","follow":"follow","max-snippet":"max-snippet:-1","max-image-preview":"max-image-preview:large","max-video-preview":"max-video-preview:-1"},"canonical":"https:\/\/decolagetravel.com\/en\/contacto\/","og_locale":"en_US","og_type":"article","og_title":"Contacto Decolage - Decolage Travel","og_description":"Contacto Decolage, escr\u00edbenos y te daremos informaci\u00f3n sobre nuestros servicios tur\u00edsticos personalizados con los mejores precios.","og_url":"https:\/\/decolagetravel.com\/en\/contacto\/","og_site_name":"Decolage Travel","article_modified_time":"2024-08-31T01:16:00+00:00","og_image":[{"url":"https:\/\/decolagetravel.com\/wp-content\/uploads\/elementor\/thumbs\/contactanos-whatsapp-agencia-de-viaje-decolage-travel-qrf221rkvttf11s33wjc5uq79jmiu005oo7k1q2tj4.jpg"}],"twitter_card":"summary_large_image","twitter_misc":{"Est. reading time":"1 minute"},"schema":{"@context":"https:\/\/schema.org","@graph":[{"@type":"WebPage","@id":"https:\/\/decolagetravel.com\/contacto\/","url":"https:\/\/decolagetravel.com\/contacto\/","name":"Contacto Decolage - Decolage Travel","isPartOf":{"@id":"https:\/\/decolagetravel.com\/#website"},"primaryImageOfPage":{"@id":"https:\/\/decolagetravel.com\/contacto\/#primaryimage"},"image":{"@id":"https:\/\/decolagetravel.com\/contacto\/#primaryimage"},"thumbnailUrl":"https:\/\/decolagetravel.com\/wp-content\/uploads\/elementor\/thumbs\/contactanos-whatsapp-agencia-de-viaje-decolage-travel-qrf221rkvttf11s33wjc5uq79jmiu005oo7k1q2tj4.jpg","datePublished":"2021-05-17T23:38:52+00:00","dateModified":"2024-08-31T01:16:00+00:00","description":"Contacto Decolage, escr\u00edbenos y te daremos informaci\u00f3n sobre nuestros servicios tur\u00edsticos personalizados con los mejores precios.","breadcrumb":{"@id":"https:\/\/decolagetravel.com\/contacto\/#breadcrumb"},"inLanguage":"en-US","potentialAction":[{"@type":"ReadAction","target":["https:\/\/decolagetravel.com\/contacto\/"]}]},{"@type":"ImageObject","inLanguage":"en-US","@id":"https:\/\/decolagetravel.com\/contacto\/#primaryimage","url":"https:\/\/decolagetravel.com\/wp-content\/uploads\/elementor\/thumbs\/contactanos-whatsapp-agencia-de-viaje-decolage-travel-qrf221rkvttf11s33wjc5uq79jmiu005oo7k1q2tj4.jpg","contentUrl":"https:\/\/decolagetravel.com\/wp-content\/uploads\/elementor\/thumbs\/contactanos-whatsapp-agencia-de-viaje-decolage-travel-qrf221rkvttf11s33wjc5uq79jmiu005oo7k1q2tj4.jpg"},{"@type":"BreadcrumbList","@id":"https:\/\/decolagetravel.com\/contacto\/#breadcrumb","itemListElement":[{"@type":"ListItem","position":1,"name":"Portada","item":"https:\/\/decolagetravel.com\/"},{"@type":"ListItem","position":2,"name":"Contacto Decolage"}]},{"@type":"WebSite","@id":"https:\/\/decolagetravel.com\/#website","url":"https:\/\/decolagetravel.com\/","name":"Decolage Travel","description":"Decolage Travel","potentialAction":[{"@type":"SearchAction","target":{"@type":"EntryPoint","urlTemplate":"https:\/\/decolagetravel.com\/?s={search_term_string}"},"query-input":"required name=search_term_string"}],"inLanguage":"en-US"}]}},"jetpack_sharing_enabled":true,"jetpack-related-posts":[],"_links":{"self":[{"href":"https:\/\/decolagetravel.com\/en\/wp-json\/wp\/v2\/pages\/496"}],"collection":[{"href":"https:\/\/decolagetravel.com\/en\/wp-json\/wp\/v2\/pages"}],"about":[{"href":"https:\/\/decolagetravel.com\/en\/wp-json\/wp\/v2\/types\/page"}],"author":[{"embeddable":true,"href":"https:\/\/decolagetravel.com\/en\/wp-json\/wp\/v2\/users\/1"}],"replies":[{"embeddable":true,"href":"https:\/\/decolagetravel.com\/en\/wp-json\/wp\/v2\/comments?post=496"}],"version-history":[{"count":151,"href":"https:\/\/decolagetravel.com\/en\/wp-json\/wp\/v2\/pages\/496\/revisions"}],"predecessor-version":[{"id":2785,"href":"https:\/\/decolagetravel.com\/en\/wp-json\/wp\/v2\/pages\/496\/revisions\/2785"}],"wp:attachment":[{"href":"https:\/\/decolagetravel.com\/en\/wp-json\/wp\/v2\/media?parent=496"}],"curies":[{"name":"wp","href":"https:\/\/api.w.org\/{rel}","templated":true}]}}