{"id":693,"date":"2021-11-02T22:37:44","date_gmt":"2021-11-02T22:37:44","guid":{"rendered":"https:\/\/decolagetravel.com\/?page_id=693"},"modified":"2024-08-31T01:26:13","modified_gmt":"2024-08-31T01:26:13","slug":"nosotros","status":"publish","type":"page","link":"https:\/\/decolagetravel.com\/en\/nosotros\/","title":{"rendered":"Nosotros"},"content":{"rendered":"<div data-elementor-type=\"wp-page\" data-elementor-id=\"693\" class=\"elementor elementor-693\">\n\t\t\t\t\t\t\t\t\t<section class=\"elementor-section elementor-top-section elementor-element elementor-element-3589052 elementor-section-stretched elementor-section-height-min-height elementor-section-full_width elementor-section-height-default elementor-section-items-middle\" data-id=\"3589052\" data-element_type=\"section\" data-settings=\"{&quot;stretch_section&quot;:&quot;section-stretched&quot;,&quot;background_background&quot;:&quot;classic&quot;}\">\n\t\t\t\t\t\t\t<div class=\"elementor-background-overlay\"><\/div>\n\t\t\t\t\t\t\t<div class=\"elementor-container elementor-column-gap-default\">\n\t\t\t\t\t<div class=\"elementor-column elementor-col-100 elementor-top-column elementor-element elementor-element-e4054a5\" data-id=\"e4054a5\" data-element_type=\"column\">\n\t\t\t<div class=\"elementor-widget-wrap elementor-element-populated\">\n\t\t\t\t\t\t\t\t<div class=\"elementor-element elementor-element-fb17905 elementor-widget elementor-widget-heading\" data-id=\"fb17905\" data-element_type=\"widget\" data-settings=\"{&quot;_animation_mobile&quot;:&quot;zoomIn&quot;}\" data-widget_type=\"heading.default\">\n\t\t\t\t<div class=\"elementor-widget-container\">\n\t\t\t<span class=\"elementor-heading-title elementor-size-default\">Tu viaje empieza con Decolage<\/span>\t\t<\/div>\n\t\t\t\t<\/div>\n\t\t\t\t\t<\/div>\n\t\t<\/div>\n\t\t\t\t\t\t\t<\/div>\n\t\t<\/section>\n\t\t\t\t<section class=\"elementor-section elementor-top-section elementor-element elementor-element-607433d elementor-section-stretched elementor-section-boxed elementor-section-height-default elementor-section-height-default\" data-id=\"607433d\" data-element_type=\"section\" data-settings=\"{&quot;stretch_section&quot;:&quot;section-stretched&quot;}\">\n\t\t\t\t\t\t<div class=\"elementor-container elementor-column-gap-default\">\n\t\t\t\t\t<div class=\"elementor-column elementor-col-100 elementor-top-column elementor-element elementor-element-d3fef94\" data-id=\"d3fef94\" data-element_type=\"column\">\n\t\t\t<div class=\"elementor-widget-wrap elementor-element-populated\">\n\t\t\t\t\t\t\t\t<div class=\"elementor-element elementor-element-33b31a0 elementor-widget elementor-widget-heading\" data-id=\"33b31a0\" data-element_type=\"widget\" data-widget_type=\"heading.default\">\n\t\t\t\t<div class=\"elementor-widget-container\">\n\t\t\t<h2 class=\"elementor-heading-title elementor-size-default\">DECOLAGE TRAVEL S.A.C.<\/h2>\t\t<\/div>\n\t\t\t\t<\/div>\n\t\t\t\t<div class=\"elementor-element elementor-element-2a1ecf3 elementor-widget elementor-widget-text-editor\" data-id=\"2a1ecf3\" data-element_type=\"widget\" data-widget_type=\"text-editor.default\">\n\t\t\t\t<div class=\"elementor-widget-container\">\n\t\t\t\t\t\t\t<p>Somos Decolage Travel, una empresa de turismo comprometida en brindarte apoyo, asesor\u00eda y compa\u00f1\u00eda en cada etapa de tu viaje, creando v\u00ednculos de confianza para tu tranquilidad y as\u00ed cumplir tu deseo de conocer maravillosos lugares en el mundo. Nuestro objetivo es evolucionar continuamente para proporcionar experiencias innovadoras y \u00fanicas, operando con integridad, priorizando transparencia y honestidad en cada interacci\u00f3n que tenemos contigo.<br \/>Valoramos profundamente las necesidades y deseos de nuestros clientes, porque entendemos que cada viajero es \u00fanico y merece una experiencia personalizada. Por ello, nos esforzamos constantemente en poder capacitarnos en las \u00faltimas tendencias y tecnolog\u00edas en la industria del turismo realizando viajes e inspecciones y as\u00ed superar tus expectativas, ofreci\u00e9ndote un servicio excepcional que no solo cubra tus necesidades pr\u00e1cticas, sino que tambi\u00e9n enriquezca tu viaje con momentos inolvidables.<\/p><p><strong>Seremos tu socio de confianza y estamos listos para acompa\u00f1arte en hacer realidad ese gran viaje que buscabas.<\/strong><\/p>\t\t\t\t\t\t<\/div>\n\t\t\t\t<\/div>\n\t\t\t\t\t<\/div>\n\t\t<\/div>\n\t\t\t\t\t\t\t<\/div>\n\t\t<\/section>\n\t\t\t\t<section class=\"elementor-section elementor-top-section elementor-element elementor-element-8d93d0b elementor-section-stretched elementor-hidden-desktop elementor-hidden-tablet elementor-hidden-mobile elementor-section-boxed elementor-section-height-default elementor-section-height-default\" data-id=\"8d93d0b\" data-element_type=\"section\" data-settings=\"{&quot;stretch_section&quot;:&quot;section-stretched&quot;}\">\n\t\t\t\t\t\t<div class=\"elementor-container elementor-column-gap-default\">\n\t\t\t\t\t<div class=\"elementor-column elementor-col-50 elementor-top-column elementor-element elementor-element-77ef576\" data-id=\"77ef576\" data-element_type=\"column\" data-settings=\"{&quot;background_background&quot;:&quot;classic&quot;}\">\n\t\t\t<div class=\"elementor-widget-wrap elementor-element-populated\">\n\t\t\t\t\t\t\t\t<div class=\"elementor-element elementor-element-2e5761a elementor-widget elementor-widget-heading\" data-id=\"2e5761a\" data-element_type=\"widget\" data-widget_type=\"heading.default\">\n\t\t\t\t<div class=\"elementor-widget-container\">\n\t\t\t<h2 class=\"elementor-heading-title elementor-size-default\">Misi\u00f3n<\/h2>\t\t<\/div>\n\t\t\t\t<\/div>\n\t\t\t\t<div class=\"elementor-element elementor-element-5495e01 elementor-widget elementor-widget-text-editor\" data-id=\"5495e01\" data-element_type=\"widget\" data-widget_type=\"text-editor.default\">\n\t\t\t\t<div class=\"elementor-widget-container\">\n\t\t\t\t\t\t\t<p>Brindar un servicio de calidad superando las expectativas del cliente con cada detalle inesperado y siendo as\u00ed su mejor aliado para sus pr\u00f3ximas experiencias.<\/p>\t\t\t\t\t\t<\/div>\n\t\t\t\t<\/div>\n\t\t\t\t\t<\/div>\n\t\t<\/div>\n\t\t\t\t<div class=\"elementor-column elementor-col-50 elementor-top-column elementor-element elementor-element-7b52500\" data-id=\"7b52500\" data-element_type=\"column\">\n\t\t\t<div class=\"elementor-widget-wrap elementor-element-populated\">\n\t\t\t\t\t\t\t\t<div class=\"elementor-element elementor-element-36c7023 elementor-widget elementor-widget-heading\" data-id=\"36c7023\" data-element_type=\"widget\" data-widget_type=\"heading.default\">\n\t\t\t\t<div class=\"elementor-widget-container\">\n\t\t\t<h2 class=\"elementor-heading-title elementor-size-default\">visi\u00f3n<\/h2>\t\t<\/div>\n\t\t\t\t<\/div>\n\t\t\t\t<div class=\"elementor-element elementor-element-5950e02 elementor-widget elementor-widget-text-editor\" data-id=\"5950e02\" data-element_type=\"widget\" data-widget_type=\"text-editor.default\">\n\t\t\t\t<div class=\"elementor-widget-container\">\n\t\t\t\t\t\t\t<p>Ser reconocidos como una de las mejores agencias de viajes en Per\u00fa por la calidad de nuestros servicios y trato personalizado a nuestros clientes.<\/p>\t\t\t\t\t\t<\/div>\n\t\t\t\t<\/div>\n\t\t\t\t\t<\/div>\n\t\t<\/div>\n\t\t\t\t\t\t\t<\/div>\n\t\t<\/section>\n\t\t\t\t<section class=\"elementor-section elementor-top-section elementor-element elementor-element-fd502ec elementor-section-boxed elementor-section-height-default elementor-section-height-default\" data-id=\"fd502ec\" data-element_type=\"section\">\n\t\t\t\t\t\t<div class=\"elementor-container elementor-column-gap-default\">\n\t\t\t\t\t<div class=\"elementor-column elementor-col-100 elementor-top-column elementor-element elementor-element-10c26fc\" data-id=\"10c26fc\" data-element_type=\"column\">\n\t\t\t<div class=\"elementor-widget-wrap elementor-element-populated\">\n\t\t\t\t\t\t\t\t<div class=\"elementor-element elementor-element-0f48d4a elementor-aspect-ratio-169 elementor-widget elementor-widget-video\" data-id=\"0f48d4a\" data-element_type=\"widget\" data-settings=\"{&quot;youtube_url&quot;:&quot;https:\\\/\\\/youtu.be\\\/wP4pdLVVK4A&quot;,&quot;video_type&quot;:&quot;youtube&quot;,&quot;controls&quot;:&quot;yes&quot;,&quot;aspect_ratio&quot;:&quot;169&quot;}\" data-widget_type=\"video.default\">\n\t\t\t\t<div class=\"elementor-widget-container\">\n\t\t\t\t\t<div class=\"elementor-wrapper elementor-fit-aspect-ratio elementor-open-inline\">\n\t\t\t<div class=\"elementor-video\"><\/div>\t\t<\/div>\n\t\t\t\t<\/div>\n\t\t\t\t<\/div>\n\t\t\t\t\t<\/div>\n\t\t<\/div>\n\t\t\t\t\t\t\t<\/div>\n\t\t<\/section>\n\t\t\t\t\t\t\t<\/div>","protected":false},"excerpt":{"rendered":"<p>Tu viaje empieza con Decolage DECOLAGE TRAVEL S.A.C. Somos Decolage Travel, una empresa de turismo comprometida en brindarte apoyo, asesor\u00eda y compa\u00f1\u00eda en cada etapa de tu viaje, creando v\u00ednculos de confianza para tu tranquilidad y as\u00ed cumplir tu deseo de conocer maravillosos lugares en el mundo. Nuestro objetivo es evolucionar continuamente para proporcionar experiencias [&hellip;]<\/p>","protected":false},"author":1,"featured_media":0,"parent":0,"menu_order":0,"comment_status":"closed","ping_status":"closed","template":"","meta":{"site-sidebar-layout":"no-sidebar","site-content-layout":"page-builder","ast-site-content-layout":"","site-content-style":"default","site-sidebar-style":"default","ast-global-header-display":"","ast-banner-title-visibility":"","ast-main-header-display":"","ast-hfb-above-header-display":"","ast-hfb-below-header-display":"","ast-hfb-mobile-header-display":"","site-post-title":"disabled","ast-breadcrumbs-content":"","ast-featured-img":"disabled","footer-sml-layout":"","theme-transparent-header-meta":"","adv-header-id-meta":"","stick-header-meta":"","header-above-stick-meta":"","header-main-stick-meta":"","header-below-stick-meta":"","astra-migrate-meta-layouts":"default","ast-page-background-enabled":"default","ast-page-background-meta":{"desktop":{"background-color":"","background-image":"","background-repeat":"repeat","background-position":"center center","background-size":"auto","background-attachment":"scroll","background-type":"","background-media":"","overlay-type":"","overlay-color":"","overlay-opacity":"","overlay-gradient":""},"tablet":{"background-color":"","background-image":"","background-repeat":"repeat","background-position":"center center","background-size":"auto","background-attachment":"scroll","background-type":"","background-media":"","overlay-type":"","overlay-color":"","overlay-opacity":"","overlay-gradient":""},"mobile":{"background-color":"","background-image":"","background-repeat":"repeat","background-position":"center center","background-size":"auto","background-attachment":"scroll","background-type":"","background-media":"","overlay-type":"","overlay-color":"","overlay-opacity":"","overlay-gradient":""}},"ast-content-background-meta":{"desktop":{"background-color":"var(--ast-global-color-5)","background-image":"","background-repeat":"repeat","background-position":"center center","background-size":"auto","background-attachment":"scroll","background-type":"","background-media":"","overlay-type":"","overlay-color":"","overlay-opacity":"","overlay-gradient":""},"tablet":{"background-color":"var(--ast-global-color-5)","background-image":"","background-repeat":"repeat","background-position":"center center","background-size":"auto","background-attachment":"scroll","background-type":"","background-media":"","overlay-type":"","overlay-color":"","overlay-opacity":"","overlay-gradient":""},"mobile":{"background-color":"var(--ast-global-color-5)","background-image":"","background-repeat":"repeat","background-position":"center center","background-size":"auto","background-attachment":"scroll","background-type":"","background-media":"","overlay-type":"","overlay-color":"","overlay-opacity":"","overlay-gradient":""}},"_joinchat":[],"footnotes":""},"yoast_head":"<!-- This site is optimized with the Yoast SEO plugin v22.8 - https:\/\/yoast.com\/wordpress\/plugins\/seo\/ -->\n<title>Nosotros somos Agencia Autorizada- Decolage Travel<\/title>\n<meta name=\"description\" content=\"Nosotros somos una agencia autorizada por Mincetur y ESNNA, tenemos experiencia en turismo emisivo y receptivo, consulta nuestras ofertas.\" \/>\n<meta name=\"robots\" content=\"index, follow, max-snippet:-1, max-image-preview:large, max-video-preview:-1\" \/>\n<link rel=\"canonical\" href=\"https:\/\/decolagetravel.com\/en\/nosotros\/\" \/>\n<meta property=\"og:locale\" content=\"en_US\" \/>\n<meta property=\"og:type\" content=\"article\" \/>\n<meta property=\"og:title\" content=\"Nosotros somos Agencia Autorizada- Decolage Travel\" \/>\n<meta property=\"og:description\" content=\"Nosotros somos una agencia autorizada por Mincetur y ESNNA, tenemos experiencia en turismo emisivo y receptivo, consulta nuestras ofertas.\" \/>\n<meta property=\"og:url\" content=\"https:\/\/decolagetravel.com\/en\/nosotros\/\" \/>\n<meta property=\"og:site_name\" content=\"Decolage Travel\" \/>\n<meta property=\"article:modified_time\" content=\"2024-08-31T01:26:13+00:00\" \/>\n<meta name=\"twitter:card\" content=\"summary_large_image\" \/>\n<meta name=\"twitter:label1\" content=\"Est. reading time\" \/>\n\t<meta name=\"twitter:data1\" content=\"1 minute\" \/>\n<script type=\"application\/ld+json\" class=\"yoast-schema-graph\">{\"@context\":\"https:\/\/schema.org\",\"@graph\":[{\"@type\":\"WebPage\",\"@id\":\"https:\/\/decolagetravel.com\/nosotros\/\",\"url\":\"https:\/\/decolagetravel.com\/nosotros\/\",\"name\":\"Nosotros somos Agencia Autorizada- Decolage Travel\",\"isPartOf\":{\"@id\":\"https:\/\/decolagetravel.com\/#website\"},\"datePublished\":\"2021-11-02T22:37:44+00:00\",\"dateModified\":\"2024-08-31T01:26:13+00:00\",\"description\":\"Nosotros somos una agencia autorizada por Mincetur y ESNNA, tenemos experiencia en turismo emisivo y receptivo, consulta nuestras ofertas.\",\"breadcrumb\":{\"@id\":\"https:\/\/decolagetravel.com\/nosotros\/#breadcrumb\"},\"inLanguage\":\"en-US\",\"potentialAction\":[{\"@type\":\"ReadAction\",\"target\":[\"https:\/\/decolagetravel.com\/nosotros\/\"]}]},{\"@type\":\"BreadcrumbList\",\"@id\":\"https:\/\/decolagetravel.com\/nosotros\/#breadcrumb\",\"itemListElement\":[{\"@type\":\"ListItem\",\"position\":1,\"name\":\"Portada\",\"item\":\"https:\/\/decolagetravel.com\/\"},{\"@type\":\"ListItem\",\"position\":2,\"name\":\"Nosotros\"}]},{\"@type\":\"WebSite\",\"@id\":\"https:\/\/decolagetravel.com\/#website\",\"url\":\"https:\/\/decolagetravel.com\/\",\"name\":\"Decolage Travel\",\"description\":\"Decolage Travel\",\"potentialAction\":[{\"@type\":\"SearchAction\",\"target\":{\"@type\":\"EntryPoint\",\"urlTemplate\":\"https:\/\/decolagetravel.com\/?s={search_term_string}\"},\"query-input\":\"required name=search_term_string\"}],\"inLanguage\":\"en-US\"}]}<\/script>\n<!-- \/ Yoast SEO plugin. -->","yoast_head_json":{"title":"Nosotros somos Agencia Autorizada- Decolage Travel","description":"Nosotros somos una agencia autorizada por Mincetur y ESNNA, tenemos experiencia en turismo emisivo y receptivo, consulta nuestras ofertas.","robots":{"index":"index","follow":"follow","max-snippet":"max-snippet:-1","max-image-preview":"max-image-preview:large","max-video-preview":"max-video-preview:-1"},"canonical":"https:\/\/decolagetravel.com\/en\/nosotros\/","og_locale":"en_US","og_type":"article","og_title":"Nosotros somos Agencia Autorizada- Decolage Travel","og_description":"Nosotros somos una agencia autorizada por Mincetur y ESNNA, tenemos experiencia en turismo emisivo y receptivo, consulta nuestras ofertas.","og_url":"https:\/\/decolagetravel.com\/en\/nosotros\/","og_site_name":"Decolage Travel","article_modified_time":"2024-08-31T01:26:13+00:00","twitter_card":"summary_large_image","twitter_misc":{"Est. reading time":"1 minute"},"schema":{"@context":"https:\/\/schema.org","@graph":[{"@type":"WebPage","@id":"https:\/\/decolagetravel.com\/nosotros\/","url":"https:\/\/decolagetravel.com\/nosotros\/","name":"Nosotros somos Agencia Autorizada- Decolage Travel","isPartOf":{"@id":"https:\/\/decolagetravel.com\/#website"},"datePublished":"2021-11-02T22:37:44+00:00","dateModified":"2024-08-31T01:26:13+00:00","description":"Nosotros somos una agencia autorizada por Mincetur y ESNNA, tenemos experiencia en turismo emisivo y receptivo, consulta nuestras ofertas.","breadcrumb":{"@id":"https:\/\/decolagetravel.com\/nosotros\/#breadcrumb"},"inLanguage":"en-US","potentialAction":[{"@type":"ReadAction","target":["https:\/\/decolagetravel.com\/nosotros\/"]}]},{"@type":"BreadcrumbList","@id":"https:\/\/decolagetravel.com\/nosotros\/#breadcrumb","itemListElement":[{"@type":"ListItem","position":1,"name":"Portada","item":"https:\/\/decolagetravel.com\/"},{"@type":"ListItem","position":2,"name":"Nosotros"}]},{"@type":"WebSite","@id":"https:\/\/decolagetravel.com\/#website","url":"https:\/\/decolagetravel.com\/","name":"Decolage Travel","description":"Decolage Travel","potentialAction":[{"@type":"SearchAction","target":{"@type":"EntryPoint","urlTemplate":"https:\/\/decolagetravel.com\/?s={search_term_string}"},"query-input":"required name=search_term_string"}],"inLanguage":"en-US"}]}},"jetpack_sharing_enabled":true,"jetpack-related-posts":[],"_links":{"self":[{"href":"https:\/\/decolagetravel.com\/en\/wp-json\/wp\/v2\/pages\/693"}],"collection":[{"href":"https:\/\/decolagetravel.com\/en\/wp-json\/wp\/v2\/pages"}],"about":[{"href":"https:\/\/decolagetravel.com\/en\/wp-json\/wp\/v2\/types\/page"}],"author":[{"embeddable":true,"href":"https:\/\/decolagetravel.com\/en\/wp-json\/wp\/v2\/users\/1"}],"replies":[{"embeddable":true,"href":"https:\/\/decolagetravel.com\/en\/wp-json\/wp\/v2\/comments?post=693"}],"version-history":[{"count":102,"href":"https:\/\/decolagetravel.com\/en\/wp-json\/wp\/v2\/pages\/693\/revisions"}],"predecessor-version":[{"id":2788,"href":"https:\/\/decolagetravel.com\/en\/wp-json\/wp\/v2\/pages\/693\/revisions\/2788"}],"wp:attachment":[{"href":"https:\/\/decolagetravel.com\/en\/wp-json\/wp\/v2\/media?parent=693"}],"curies":[{"name":"wp","href":"https:\/\/api.w.org\/{rel}","templated":true}]}}